{"id":21,"date":"2022-03-21T13:56:53","date_gmt":"2022-03-21T12:56:53","guid":{"rendered":"https:\/\/mazanowsad.pl\/?page_id=21"},"modified":"2022-03-22T19:49:44","modified_gmt":"2022-03-22T18:49:44","slug":"kontakt","status":"publish","type":"page","link":"https:\/\/mazanowsad.pl\/index.php\/kontakt\/","title":{"rendered":"Kontakt"},"content":{"rendered":"\n<p><strong>Mazan\u00f3w Sad<\/strong><\/p>\n\n\n\n<p>Mazan\u00f3w 63 L<\/p>\n\n\n\n<p>24-340 J\u00f3zef\u00f3w n\/Wis\u0142\u0105<\/p>\n\n\n\n<p>tel. 609 149 778<\/p>\n","protected":false},"excerpt":{"rendered":"<p>Mazan\u00f3w Sad Mazan\u00f3w 63 L 24-340 J\u00f3zef\u00f3w n\/Wis\u0142\u0105 tel. 609 149 778<\/p>\n","protected":false},"author":1,"featured_media":0,"parent":0,"menu_order":0,"comment_status":"closed","ping_status":"closed","template":"","meta":{"footnotes":""},"class_list":["post-21","page","type-page","status-publish","hentry"],"jetpack_sharing_enabled":true,"_links":{"self":[{"href":"https:\/\/mazanowsad.pl\/index.php\/wp-json\/wp\/v2\/pages\/21","targetHints":{"allow":["GET"]}}],"collection":[{"href":"https:\/\/mazanowsad.pl\/index.php\/wp-json\/wp\/v2\/pages"}],"about":[{"href":"https:\/\/mazanowsad.pl\/index.php\/wp-json\/wp\/v2\/types\/page"}],"author":[{"embeddable":true,"href":"https:\/\/mazanowsad.pl\/index.php\/wp-json\/wp\/v2\/users\/1"}],"replies":[{"embeddable":true,"href":"https:\/\/mazanowsad.pl\/index.php\/wp-json\/wp\/v2\/comments?post=21"}],"version-history":[{"count":2,"href":"https:\/\/mazanowsad.pl\/index.php\/wp-json\/wp\/v2\/pages\/21\/revisions"}],"predecessor-version":[{"id":86,"href":"https:\/\/mazanowsad.pl\/index.php\/wp-json\/wp\/v2\/pages\/21\/revisions\/86"}],"wp:attachment":[{"href":"https:\/\/mazanowsad.pl\/index.php\/wp-json\/wp\/v2\/media?parent=21"}],"curies":[{"name":"wp","href":"https:\/\/api.w.org\/{rel}","templated":true}]}}