{"id":187,"date":"2022-06-11T12:54:55","date_gmt":"2022-06-11T10:54:55","guid":{"rendered":"https:\/\/mazanowsad.pl\/?page_id=187"},"modified":"2024-12-29T17:22:11","modified_gmt":"2024-12-29T16:22:11","slug":"o-nas-2","status":"publish","type":"page","link":"https:\/\/mazanowsad.pl\/index.php\/o-nas-2\/","title":{"rendered":"O nas"},"content":{"rendered":"\n<p>Mazan\u00f3w Sad to dwa gospodarstwa (Gospodartwo Ogrodnicze Andrzej \u015amiech i Gospodarstwo Ogrodnicze Marcin \u015amiech) po\u0142o\u017cone w zachodniej cz\u0119\u015bci Wy\u017cyny Lubelskiej, na zboczu doliny Wy\u017cnicy. Gdzie nieska\u017cone jeszcze przez cz\u0142owieka \u015brodowisko naturalne sprzyja produkcji ro\u015blinnej.<\/p>\n\n\n\n<p>Zajmujemy si\u0119 upraw\u0105 owoc\u00f3w i warzyw  na powierzchni oko\u0142o 40 ha. Dzi\u0119ki wiedzy popartej wieloletni\u0105 praktyk\u0105 oraz infrastrukturze technicznej wytwarzamy produkty wysokiej jako\u015bci.<\/p>\n\n\n\n<p>Jeste\u015bmy dostawc\u0105 produkt\u00f3w w standardzie baby food dla Nestl\u00e9 Polska S.A. (Gerber) oraz Tymbark GMW Sp. z o.o. spe\u0142niaj\u0105c wysokie wymagania jakie te firmy stawiaj\u0105 przed dostawcami.<\/p>\n\n\n\n<p>Celem Mazan\u00f3w Sad jest zapewnienie konsumentom dost\u0119pu do zdrowych produkt\u00f3w o wysokich walorach smakowych i zdrowotnych.<\/p>\n","protected":false},"excerpt":{"rendered":"<p>Mazan\u00f3w Sad to dwa gospodarstwa (Gospodartwo Ogrodnicze Andrzej \u015amiech i Gospodarstwo Ogrodnicze Marcin \u015amiech) po\u0142o\u017cone w zachodniej cz\u0119\u015bci Wy\u017cyny Lubelskiej, na zboczu doliny Wy\u017cnicy. Gdzie nieska\u017cone jeszcze przez cz\u0142owieka \u015brodowisko naturalne sprzyja produkcji ro\u015blinnej. Zajmujemy si\u0119 upraw\u0105 owoc\u00f3w i warzyw na powierzchni oko\u0142o 40 ha. Dzi\u0119ki wiedzy popartej wieloletni\u0105 praktyk\u0105 oraz infrastrukturze technicznej wytwarzamy produkty [&hellip;]<\/p>\n","protected":false},"author":1,"featured_media":0,"parent":0,"menu_order":0,"comment_status":"closed","ping_status":"closed","template":"","meta":{"footnotes":""},"class_list":["post-187","page","type-page","status-publish","hentry"],"jetpack_sharing_enabled":true,"_links":{"self":[{"href":"https:\/\/mazanowsad.pl\/index.php\/wp-json\/wp\/v2\/pages\/187","targetHints":{"allow":["GET"]}}],"collection":[{"href":"https:\/\/mazanowsad.pl\/index.php\/wp-json\/wp\/v2\/pages"}],"about":[{"href":"https:\/\/mazanowsad.pl\/index.php\/wp-json\/wp\/v2\/types\/page"}],"author":[{"embeddable":true,"href":"https:\/\/mazanowsad.pl\/index.php\/wp-json\/wp\/v2\/users\/1"}],"replies":[{"embeddable":true,"href":"https:\/\/mazanowsad.pl\/index.php\/wp-json\/wp\/v2\/comments?post=187"}],"version-history":[{"count":3,"href":"https:\/\/mazanowsad.pl\/index.php\/wp-json\/wp\/v2\/pages\/187\/revisions"}],"predecessor-version":[{"id":267,"href":"https:\/\/mazanowsad.pl\/index.php\/wp-json\/wp\/v2\/pages\/187\/revisions\/267"}],"wp:attachment":[{"href":"https:\/\/mazanowsad.pl\/index.php\/wp-json\/wp\/v2\/media?parent=187"}],"curies":[{"name":"wp","href":"https:\/\/api.w.org\/{rel}","templated":true}]}}